{"id":11,"date":"2016-07-30T13:13:15","date_gmt":"2016-07-30T13:13:15","guid":{"rendered":"http:\/\/www.condominiosereno.pt\/?page_id=11"},"modified":"2025-04-27T13:58:35","modified_gmt":"2025-04-27T13:58:35","slug":"test-nouvelle-page","status":"publish","type":"page","link":"https:\/\/www.condominiosereno.pt\/?page_id=11","title":{"rendered":"Contactos"},"content":{"rendered":"<p><em>E-mail:<\/em> <strong>geral@condominiosereno.pt\u00a0<\/strong><\/p>\n<p><em>E-mail:<\/em> <strong>administrador@condominiosereno.pt\u00a0<\/strong><\/p>\n<p><em>Telem\u00f3vel:<\/em> <strong>927632994<\/strong> (atendimento das 9h \u00e0s 19h de Segunda \u00e0 Sexta)<\/p>\n<p><em>Web:<\/em><span style=\"color: #0000ff;\"><strong> www.condominiosereno.pt<\/strong><\/span><\/p>\n<p><em>Loja:<\/em> Rua da Azerveira n\u00ba20, 3850-151 Albergaria-a-Velha\u00a0<\/p>\n<p><em>Hor\u00e1rio de atendimento:<\/em> Quarta-feira das 9h30 \u00e0s 15h e S\u00e1bado das 9h30 \u00e0s 12h30<\/p>\n<p><a href=\"http:\/\/www.facebook.com\/condominiosereno.pt\">www.facebook.com\/condominiosereno.pt<\/a><\/p>\n\n\n<figure class=\"wp-block-gallery has-nested-images columns-default wp-block-gallery-1 is-layout-flex wp-block-gallery-is-layout-flex\">\n<figure class=\"wp-block-image size-medium\"><img loading=\"lazy\" decoding=\"async\" width=\"300\" height=\"225\" data-id=\"85\" src=\"https:\/\/www.condominiosereno.pt\/wp-content\/uploads\/2020\/05\/IMG_20200115_093721-1-300x225.jpg\" alt=\"\" class=\"wp-image-85\" srcset=\"https:\/\/www.condominiosereno.pt\/wp-content\/uploads\/2020\/05\/IMG_20200115_093721-1-300x225.jpg 300w, https:\/\/www.condominiosereno.pt\/wp-content\/uploads\/2020\/05\/IMG_20200115_093721-1-1024x768.jpg 1024w, https:\/\/www.condominiosereno.pt\/wp-content\/uploads\/2020\/05\/IMG_20200115_093721-1-768x576.jpg 768w, https:\/\/www.condominiosereno.pt\/wp-content\/uploads\/2020\/05\/IMG_20200115_093721-1-1536x1152.jpg 1536w, https:\/\/www.condominiosereno.pt\/wp-content\/uploads\/2020\/05\/IMG_20200115_093721-1-2048x1536.jpg 2048w, https:\/\/www.condominiosereno.pt\/wp-content\/uploads\/2020\/05\/IMG_20200115_093721-1-400x300.jpg 400w\" sizes=\"auto, (max-width: 300px) 100vw, 300px\" \/><figcaption class=\"wp-element-caption\">smart<\/figcaption><\/figure>\n\n\n\n<figure class=\"wp-block-image size-medium\"><img loading=\"lazy\" decoding=\"async\" width=\"300\" height=\"225\" data-id=\"88\" src=\"https:\/\/www.condominiosereno.pt\/wp-content\/uploads\/2020\/05\/IMG_20200307_112936-1-300x225.jpg\" alt=\"\" class=\"wp-image-88\" srcset=\"https:\/\/www.condominiosereno.pt\/wp-content\/uploads\/2020\/05\/IMG_20200307_112936-1-300x225.jpg 300w, https:\/\/www.condominiosereno.pt\/wp-content\/uploads\/2020\/05\/IMG_20200307_112936-1-1024x768.jpg 1024w, https:\/\/www.condominiosereno.pt\/wp-content\/uploads\/2020\/05\/IMG_20200307_112936-1-768x576.jpg 768w, https:\/\/www.condominiosereno.pt\/wp-content\/uploads\/2020\/05\/IMG_20200307_112936-1-1536x1152.jpg 1536w, https:\/\/www.condominiosereno.pt\/wp-content\/uploads\/2020\/05\/IMG_20200307_112936-1-2048x1536.jpg 2048w, https:\/\/www.condominiosereno.pt\/wp-content\/uploads\/2020\/05\/IMG_20200307_112936-1-400x300.jpg 400w\" sizes=\"auto, (max-width: 300px) 100vw, 300px\" \/><figcaption class=\"wp-element-caption\">smart<\/figcaption><\/figure>\n\n\n\n<figure class=\"wp-block-image size-medium\"><img loading=\"lazy\" decoding=\"async\" width=\"300\" height=\"225\" data-id=\"89\" src=\"https:\/\/www.condominiosereno.pt\/wp-content\/uploads\/2020\/05\/IMG_20200307_112900-1-300x225.jpg\" alt=\"\" class=\"wp-image-89\" srcset=\"https:\/\/www.condominiosereno.pt\/wp-content\/uploads\/2020\/05\/IMG_20200307_112900-1-300x225.jpg 300w, https:\/\/www.condominiosereno.pt\/wp-content\/uploads\/2020\/05\/IMG_20200307_112900-1-1024x768.jpg 1024w, https:\/\/www.condominiosereno.pt\/wp-content\/uploads\/2020\/05\/IMG_20200307_112900-1-768x576.jpg 768w, https:\/\/www.condominiosereno.pt\/wp-content\/uploads\/2020\/05\/IMG_20200307_112900-1-1536x1152.jpg 1536w, https:\/\/www.condominiosereno.pt\/wp-content\/uploads\/2020\/05\/IMG_20200307_112900-1-2048x1536.jpg 2048w, https:\/\/www.condominiosereno.pt\/wp-content\/uploads\/2020\/05\/IMG_20200307_112900-1-400x300.jpg 400w\" sizes=\"auto, (max-width: 300px) 100vw, 300px\" \/><figcaption class=\"wp-element-caption\">smart<\/figcaption><\/figure>\n\n\n\n<figure class=\"wp-block-image size-medium\"><img loading=\"lazy\" decoding=\"async\" width=\"300\" height=\"225\" data-id=\"90\" src=\"https:\/\/www.condominiosereno.pt\/wp-content\/uploads\/2020\/05\/IMG_20200307_112924-2-300x225.jpg\" alt=\"\" class=\"wp-image-90\" srcset=\"https:\/\/www.condominiosereno.pt\/wp-content\/uploads\/2020\/05\/IMG_20200307_112924-2-300x225.jpg 300w, https:\/\/www.condominiosereno.pt\/wp-content\/uploads\/2020\/05\/IMG_20200307_112924-2-1024x768.jpg 1024w, https:\/\/www.condominiosereno.pt\/wp-content\/uploads\/2020\/05\/IMG_20200307_112924-2-768x576.jpg 768w, https:\/\/www.condominiosereno.pt\/wp-content\/uploads\/2020\/05\/IMG_20200307_112924-2-1536x1152.jpg 1536w, https:\/\/www.condominiosereno.pt\/wp-content\/uploads\/2020\/05\/IMG_20200307_112924-2-2048x1536.jpg 2048w, https:\/\/www.condominiosereno.pt\/wp-content\/uploads\/2020\/05\/IMG_20200307_112924-2-400x300.jpg 400w\" sizes=\"auto, (max-width: 300px) 100vw, 300px\" \/><figcaption class=\"wp-element-caption\">smart<\/figcaption><\/figure>\n\n\n\n<figure class=\"wp-block-image size-medium\"><img loading=\"lazy\" decoding=\"async\" width=\"225\" height=\"300\" data-id=\"91\" src=\"https:\/\/www.condominiosereno.pt\/wp-content\/uploads\/2020\/05\/IMG_20200115_093712-2-225x300.jpg\" alt=\"\" class=\"wp-image-91\" srcset=\"https:\/\/www.condominiosereno.pt\/wp-content\/uploads\/2020\/05\/IMG_20200115_093712-2-225x300.jpg 225w, https:\/\/www.condominiosereno.pt\/wp-content\/uploads\/2020\/05\/IMG_20200115_093712-2-768x1024.jpg 768w, https:\/\/www.condominiosereno.pt\/wp-content\/uploads\/2020\/05\/IMG_20200115_093712-2-1152x1536.jpg 1152w, https:\/\/www.condominiosereno.pt\/wp-content\/uploads\/2020\/05\/IMG_20200115_093712-2-1536x2048.jpg 1536w, https:\/\/www.condominiosereno.pt\/wp-content\/uploads\/2020\/05\/IMG_20200115_093712-2-scaled.jpg 1920w\" sizes=\"auto, (max-width: 225px) 100vw, 225px\" \/><figcaption class=\"wp-element-caption\">smart<\/figcaption><\/figure>\n<\/figure>\n","protected":false},"excerpt":{"rendered":"<p>E-mail: geral@condominiosereno.pt\u00a0 E-mail: administrador@condominiosereno.pt\u00a0 Telem\u00f3vel: 927632994 (atendimento das 9h \u00e0s 19h de Segunda \u00e0 Sexta) Web: www.condominiosereno.pt Loja: Rua da Azerveira n\u00ba20, 3850-151 Albergaria-a-Velha\u00a0 Hor\u00e1rio de atendimento: Quarta-feira das 9h30 \u00e0s 15h e S\u00e1bado das 9h30 \u00e0s 12h30 www.facebook.com\/condominiosereno.pt<\/p>\n","protected":false},"author":1,"featured_media":0,"parent":0,"menu_order":0,"comment_status":"closed","ping_status":"closed","template":"showcase.php","meta":{"footnotes":""},"class_list":["post-11","page","type-page","status-publish","hentry"],"jetpack_sharing_enabled":true,"_links":{"self":[{"href":"https:\/\/www.condominiosereno.pt\/index.php?rest_route=\/wp\/v2\/pages\/11","targetHints":{"allow":["GET"]}}],"collection":[{"href":"https:\/\/www.condominiosereno.pt\/index.php?rest_route=\/wp\/v2\/pages"}],"about":[{"href":"https:\/\/www.condominiosereno.pt\/index.php?rest_route=\/wp\/v2\/types\/page"}],"author":[{"embeddable":true,"href":"https:\/\/www.condominiosereno.pt\/index.php?rest_route=\/wp\/v2\/users\/1"}],"replies":[{"embeddable":true,"href":"https:\/\/www.condominiosereno.pt\/index.php?rest_route=%2Fwp%2Fv2%2Fcomments&post=11"}],"version-history":[{"count":17,"href":"https:\/\/www.condominiosereno.pt\/index.php?rest_route=\/wp\/v2\/pages\/11\/revisions"}],"predecessor-version":[{"id":210,"href":"https:\/\/www.condominiosereno.pt\/index.php?rest_route=\/wp\/v2\/pages\/11\/revisions\/210"}],"wp:attachment":[{"href":"https:\/\/www.condominiosereno.pt\/index.php?rest_route=%2Fwp%2Fv2%2Fmedia&parent=11"}],"curies":[{"name":"wp","href":"https:\/\/api.w.org\/{rel}","templated":true}]}}