{"id":32,"date":"2016-08-01T19:07:48","date_gmt":"2016-08-01T19:07:48","guid":{"rendered":"http:\/\/www.condominiosereno.pt\/?page_id=32"},"modified":"2016-08-01T21:23:01","modified_gmt":"2016-08-01T21:23:01","slug":"servicos","status":"publish","type":"page","link":"https:\/\/www.condominiosereno.pt\/?page_id=32","title":{"rendered":"Servi\u00e7os"},"content":{"rendered":"<p style=\"text-align: center;\"><strong>Servi\u00e7os administrativos e Financeiros<\/strong><\/p>\n<ul>\n<li style=\"text-align: left;\">Convocar assembleias de cond\u00f3minos, sejam ela ordin\u00e1rias ou extraordin\u00e1rias;<\/li>\n<li style=\"text-align: left;\">Elaborar o or\u00e7amento das receitas e despesas relativas a cada ano;<\/li>\n<li style=\"text-align: left;\">Gest\u00e3o do fundo comum de reserva;<\/li>\n<li style=\"text-align: left;\">Abertura de contas banc\u00e1rias,\u00a0\u00e0 ordem e poupan\u00e7a de condom\u00ednio;<\/li>\n<li style=\"text-align: left;\">Verificar a exist\u00eancia do seguro contra o risco de\u00a0inc\u00eandio, propondo \u00e0 assembleia o montante do capital seguro;<\/li>\n<li style=\"text-align: left;\">Cobrar as receitas e efetuar as despesas comuns;<\/li>\n<li style=\"text-align: left;\">Exigir dos cond\u00f3minos a sua quota-parte nas despesas aprovadas;<\/li>\n<li style=\"text-align: left;\">Realizar os atos conservat\u00f3rios dos direitos relativos aos bens comuns;<\/li>\n<li style=\"text-align: left;\">Regular o uso das coisas comuns e a presta\u00e7\u00e3o de servi\u00e7os de interesse comum;<\/li>\n<li style=\"text-align: left;\">Executar\u00a0as delibera\u00e7\u00f5es da Assembleia,<\/li>\n<li style=\"text-align: left;\">Representar o conjunto dos cond\u00f3minos perante as autoridades administrativas;<\/li>\n<li style=\"text-align: left;\">Prestar contas \u00e0 assembleia;<\/li>\n<li style=\"text-align: left;\">Assegurar a execu\u00e7\u00e3o do regulamento e das disposi\u00e7\u00f5es legais e administrativas relativas ao condom\u00ednio;<\/li>\n<li style=\"text-align: left;\">Guardar e manter todos os documentos que digam respeito ao condom\u00ednio.<\/li>\n<\/ul>\n<p style=\"text-align: center;\"><strong>Acompanhamento T\u00e9cnico e Manuten\u00e7\u00e3o<\/strong><\/p>\n<ul>\n<li style=\"text-align: left;\">Desloca\u00e7\u00e3o semanal e sempre que seja necess\u00e1rio, \u00a0ao edif\u00edcio para verificar e prevenir anomalias e defici\u00eancias do funcionamento dos bens e equipamentos comuns;<\/li>\n<li style=\"text-align: left;\">Recolha e an\u00e1lise de or\u00e7amentos para execu\u00e7\u00e3o de\u00a0repara\u00e7\u00f5es;<\/li>\n<li style=\"text-align: left;\">Acompanhamento\u00a0da execu\u00e7\u00e3o de obras de repara\u00e7\u00e3o;<\/li>\n<li style=\"text-align: left;\">Solicita\u00e7\u00e3o de vistorias obrigat\u00f3rios aos equipamentos\u00a0 comuns do edif\u00edcio.<\/li>\n<li style=\"text-align: left;\">Celebra\u00e7\u00e3o de contratos com entidades prestadores de servi\u00e7os que o condom\u00ednio necessita.<\/li>\n<\/ul>\n","protected":false},"excerpt":{"rendered":"<p>Servi\u00e7os administrativos e Financeiros Convocar assembleias de cond\u00f3minos, sejam ela ordin\u00e1rias ou extraordin\u00e1rias; Elaborar o or\u00e7amento das receitas e despesas relativas a cada ano; Gest\u00e3o do fundo comum de reserva; Abertura de contas banc\u00e1rias,\u00a0\u00e0 ordem e poupan\u00e7a de condom\u00ednio; Verificar &hellip; <a href=\"https:\/\/www.condominiosereno.pt\/?page_id=32\">Continuar a ler <span class=\"meta-nav\">&rarr;<\/span><\/a><\/p>\n","protected":false},"author":1,"featured_media":0,"parent":0,"menu_order":0,"comment_status":"closed","ping_status":"closed","template":"","meta":{"footnotes":""},"class_list":["post-32","page","type-page","status-publish","hentry"],"jetpack_sharing_enabled":true,"_links":{"self":[{"href":"https:\/\/www.condominiosereno.pt\/index.php?rest_route=\/wp\/v2\/pages\/32","targetHints":{"allow":["GET"]}}],"collection":[{"href":"https:\/\/www.condominiosereno.pt\/index.php?rest_route=\/wp\/v2\/pages"}],"about":[{"href":"https:\/\/www.condominiosereno.pt\/index.php?rest_route=\/wp\/v2\/types\/page"}],"author":[{"embeddable":true,"href":"https:\/\/www.condominiosereno.pt\/index.php?rest_route=\/wp\/v2\/users\/1"}],"replies":[{"embeddable":true,"href":"https:\/\/www.condominiosereno.pt\/index.php?rest_route=%2Fwp%2Fv2%2Fcomments&post=32"}],"version-history":[{"count":3,"href":"https:\/\/www.condominiosereno.pt\/index.php?rest_route=\/wp\/v2\/pages\/32\/revisions"}],"predecessor-version":[{"id":50,"href":"https:\/\/www.condominiosereno.pt\/index.php?rest_route=\/wp\/v2\/pages\/32\/revisions\/50"}],"wp:attachment":[{"href":"https:\/\/www.condominiosereno.pt\/index.php?rest_route=%2Fwp%2Fv2%2Fmedia&parent=32"}],"curies":[{"name":"wp","href":"https:\/\/api.w.org\/{rel}","templated":true}]}}