{"id":38,"date":"2016-08-01T19:51:04","date_gmt":"2016-08-01T19:51:04","guid":{"rendered":"http:\/\/www.condominiosereno.pt\/?page_id=38"},"modified":"2017-09-20T10:05:33","modified_gmt":"2017-09-20T10:05:33","slug":"legislacao","status":"publish","type":"page","link":"https:\/\/www.condominiosereno.pt\/?page_id=38","title":{"rendered":"Legisla\u00e7\u00e3o"},"content":{"rendered":"<p>Procuramos nesta se\u00e7\u00e3o facilitar o acesso a legisla\u00e7\u00e3o sobre diversos assuntos que poder\u00e3o ser \u00fateis aos cond\u00f3minos.<\/p>\n<p>Apresentamos alguns textos da\u00a0legisla\u00e7\u00e3o em vigor:<\/p>\n<ul>\n<li>Os artigos referentes a Propriedade Horizontal est\u00e3o no <a href=\"http:\/\/www.condominiosereno.pt\/wp-content\/uploads\/2016\/08\/CodigoCivil.pdf\">C\u00f3digo Civil (Propriedade Horizontal)<\/a>.<\/li>\n<li>O Decreto de Lei <a href=\"http:\/\/www.condominiosereno.pt\/wp-content\/uploads\/2016\/08\/DL_269_1994.pdf\">DL n\u00ba269\/1994<\/a>\u00a0define as condi\u00e7\u00f5es de constitui\u00e7\u00e3o do Fundo Comum de reserva atrav\u00e9s a conta-poupan\u00e7a habita\u00e7\u00e3o.<\/li>\n<li>O <a href=\"http:\/\/www.condominiosereno.pt\/wp-content\/uploads\/2016\/08\/9_2007_REGULAMENTO_GERAL_DE_RUODO.pdf\">Regulamento Geral do Ru\u00eddo de 2007<\/a> permite obter informa\u00e7\u00f5es sobre qualquer tipo de ru\u00eddo seja provocado por vizinhan\u00e7a ou\u00a0por obras no edif\u00edcios.<\/li>\n<li>O\u00a0Decreto de Lei <a href=\"http:\/\/www.condominiosereno.pt\/wp-content\/uploads\/2016\/08\/DL3142003.pdf\">DL n\u00ba 314\/2003 <\/a>permite obter informa\u00e7\u00f5es sobre a deten\u00e7\u00e3o de animais nas fra\u00e7\u00f5es aut\u00f3nomas.<\/li>\n<li>A legisla\u00e7\u00e3o referente a Seguran\u00e7a Contra Incendio em Edif\u00edcio pode ser consultada no site da Autoridade Nacional da Prote\u00e7\u00e3o Civil, <a href=\"http:\/\/www.prociv.pt\">http:\/\/www.prociv.pt<\/a><\/li>\n<\/ul>\n","protected":false},"excerpt":{"rendered":"<p>Procuramos nesta se\u00e7\u00e3o facilitar o acesso a legisla\u00e7\u00e3o sobre diversos assuntos que poder\u00e3o ser \u00fateis aos cond\u00f3minos. Apresentamos alguns textos da\u00a0legisla\u00e7\u00e3o em vigor: Os artigos referentes a Propriedade Horizontal est\u00e3o no C\u00f3digo Civil (Propriedade Horizontal). O Decreto de Lei DL &hellip; <a href=\"https:\/\/www.condominiosereno.pt\/?page_id=38\">Continuar a ler <span class=\"meta-nav\">&rarr;<\/span><\/a><\/p>\n","protected":false},"author":1,"featured_media":0,"parent":0,"menu_order":0,"comment_status":"closed","ping_status":"closed","template":"","meta":{"footnotes":""},"class_list":["post-38","page","type-page","status-publish","hentry"],"jetpack_sharing_enabled":true,"_links":{"self":[{"href":"https:\/\/www.condominiosereno.pt\/index.php?rest_route=\/wp\/v2\/pages\/38","targetHints":{"allow":["GET"]}}],"collection":[{"href":"https:\/\/www.condominiosereno.pt\/index.php?rest_route=\/wp\/v2\/pages"}],"about":[{"href":"https:\/\/www.condominiosereno.pt\/index.php?rest_route=\/wp\/v2\/types\/page"}],"author":[{"embeddable":true,"href":"https:\/\/www.condominiosereno.pt\/index.php?rest_route=\/wp\/v2\/users\/1"}],"replies":[{"embeddable":true,"href":"https:\/\/www.condominiosereno.pt\/index.php?rest_route=%2Fwp%2Fv2%2Fcomments&post=38"}],"version-history":[{"count":6,"href":"https:\/\/www.condominiosereno.pt\/index.php?rest_route=\/wp\/v2\/pages\/38\/revisions"}],"predecessor-version":[{"id":65,"href":"https:\/\/www.condominiosereno.pt\/index.php?rest_route=\/wp\/v2\/pages\/38\/revisions\/65"}],"wp:attachment":[{"href":"https:\/\/www.condominiosereno.pt\/index.php?rest_route=%2Fwp%2Fv2%2Fmedia&parent=38"}],"curies":[{"name":"wp","href":"https:\/\/api.w.org\/{rel}","templated":true}]}}